{"id":2139,"date":"2019-12-02T18:27:51","date_gmt":"2019-12-02T18:27:51","guid":{"rendered":"https:\/\/morphoart-hetten.com\/zu-meinen-bildern\/"},"modified":"2020-11-03T07:23:37","modified_gmt":"2020-11-03T07:23:37","slug":"de-mis-pinturas","status":"publish","type":"page","link":"https:\/\/morphoart-hetten.com\/es\/de-mis-pinturas\/","title":{"rendered":"De mis pinturas"},"content":{"rendered":"\t\t<div data-elementor-type=\"wp-post\" data-elementor-id=\"2139\" class=\"elementor elementor-2139 elementor-481\">\n\t\t\t\t\t\t<div class=\"elementor-inner\">\n\t\t\t\t<div class=\"elementor-section-wrap\">\n\t\t\t\t\t\t\t\t\t<section class=\"elementor-section elementor-top-section elementor-element elementor-element-e2fb838 elementor-reverse-mobile elementor-section-boxed elementor-section-height-default elementor-section-height-default\" data-id=\"e2fb838\" data-element_type=\"section\" data-settings=\"{&quot;_ha_eqh_enable&quot;:false}\">\n\t\t\t\t\t\t<div class=\"elementor-container elementor-column-gap-default\">\n\t\t\t\t\t\t\t<div class=\"elementor-row\">\n\t\t\t\t\t<div class=\"elementor-column elementor-col-50 elementor-top-column elementor-element elementor-element-a95bcc4\" data-id=\"a95bcc4\" data-element_type=\"column\">\n\t\t\t<div class=\"elementor-column-wrap elementor-element-populated\">\n\t\t\t\t\t\t\t<div class=\"elementor-widget-wrap\">\n\t\t\t\t\t\t<div class=\"elementor-element elementor-element-3a823f8 elementor-widget elementor-widget-menu-anchor\" data-id=\"3a823f8\" data-element_type=\"widget\" data-widget_type=\"menu-anchor.default\">\n\t\t\t\t<div class=\"elementor-widget-container\">\n\t\t\t\t\t<div id=\"origen\" class=\"elementor-menu-anchor\"><\/div>\n\t\t\t\t<\/div>\n\t\t\t\t<\/div>\n\t\t\t\t<div class=\"elementor-element elementor-element-44fdb86 uael-mobile-heading-align-center elementor-widget elementor-widget-uael-advanced-heading\" data-id=\"44fdb86\" data-element_type=\"widget\" data-widget_type=\"uael-advanced-heading.default\">\n\t\t\t\t<div class=\"elementor-widget-container\">\n\t\t\t\r\n\t\t<div class=\"uael-module-content uael-heading-wrapper\">\r\n\t\t\t\t\t\t\r\n\t\t\t<h2 class=\"uael-heading\">\r\n\t\t\t\t\t\t\t\t\t\t<span class=\"uael-heading-text elementor-inline-editing uael-size--default\" data-elementor-setting-key=\"heading_title\" data-elementor-inline-editing-toolbar=\"basic\">De mis pinturas<\/span>\r\n\t\t\t\t\t\t\t<\/h2>\r\n\r\n\t\t\t\r\n\t\t\t\r\n\t\t\t\r\n\t\t\t\t\t\t<\/div>\r\n\t\t\t\t<\/div>\n\t\t\t\t<\/div>\n\t\t\t\t<section class=\"elementor-section elementor-inner-section elementor-element elementor-element-4485a9d elementor-section-boxed elementor-section-height-default elementor-section-height-default\" data-id=\"4485a9d\" data-element_type=\"section\" data-settings=\"{&quot;_ha_eqh_enable&quot;:false}\">\n\t\t\t\t\t\t<div class=\"elementor-container elementor-column-gap-default\">\n\t\t\t\t\t\t\t<div class=\"elementor-row\">\n\t\t\t\t\t<div class=\"elementor-column elementor-col-100 elementor-inner-column elementor-element elementor-element-2a01866\" data-id=\"2a01866\" data-element_type=\"column\">\n\t\t\t<div class=\"elementor-column-wrap elementor-element-populated\">\n\t\t\t\t\t\t\t<div class=\"elementor-widget-wrap\">\n\t\t\t\t\t\t<div class=\"elementor-element elementor-element-fac2577 elementor-widget elementor-widget-text-editor\" data-id=\"fac2577\" data-element_type=\"widget\" data-widget_type=\"text-editor.default\">\n\t\t\t\t<div class=\"elementor-widget-container\">\n\t\t\t\t\t\t\t\t<div class=\"elementor-text-editor elementor-clearfix\">\n\t\t\t\t<p>Me uno al gran n\u00famero de &#8220;pintores&#8221;. Es mi contribuci\u00f3n a un arte como yo lo veo. Hasta qu\u00e9 punto me acerco a estas mis concepciones del arte, ciertamente depende de la voluntad, la apertura y la empat\u00eda del espectador. Mi preocupaci\u00f3n y el efecto de las im\u00e1genes no se ven afectados. A prop\u00f3sito del origen, divido mis im\u00e1genes en dos grupos.<\/p><p><strong>1.im\u00e1genes de informaci\u00f3n \/ im\u00e1genes de energ\u00eda<br \/><\/strong>Como cuadros de armon\u00eda, cuadros de resonancia, cuadros de equilibrio o cuadros de curaci\u00f3n, sirven para equilibrar al hombre y al medio ambiente para SENTIRSE BIEN. En mi trabajo comienzo estos cuadros con devoci\u00f3n irreflexiva y los completo bajo la influencia de los pensamientos.<\/p><p><strong>2.im\u00e1genes m\u00f3rficas \/ morfogen\u00e9ticas \/ de los medios de comunicaci\u00f3n<br \/><\/strong>Son una expresi\u00f3n de la creatividad original sin pensamientos propios. Es una formaci\u00f3n de informaci\u00f3n del <a href=\"https:\/\/morphoart-hetten.com\/es\/anexo\/\" target=\"_blank\" rel=\"noopener\"><strong>campo morfo<\/strong><\/a> en cuesti\u00f3n de segundos. Si se trata de un cuadro de pareja o familiar concreto, se pueden leer los rasgos de las relaciones interpersonales y utilizarlos terap\u00e9uticamente si es necesario. As\u00ed que casi todas las fotos empiezo intuitivamente y sin ninguna idea de en qu\u00e9 deber\u00eda convertirse. No percibo ni a m\u00ed mismo ni nada que me perturbe a mi alrededor. <br \/>Completamente en armon\u00eda conmigo mismo, parece que resueno con esas partes de la <strong><a href=\"https:\/\/morphoart-hetten.com\/es\/anexo\/#consciencia\" target=\"_blank\" rel=\"noopener\">conciencia<\/a><\/strong> incondicional que dominan en m\u00ed. As\u00ed, se crean predominantemente formas que expresan placer y alegr\u00eda. Cuanto m\u00e1s r\u00e1pido se crea una imagen, m\u00e1s original es (im\u00e1genes del 2\u00ba grupo). Si los pensamientos se mezclan con \u00e9l, porque &#8220;descubro algo&#8221;, sigo trabajando en ello. (Fotos del 1er grupo)<\/p><p>(Las excepciones a esto son, por supuesto, acuarelas representativas o dibujos a pluma y tinta, donde la gracia y la belleza me impulsaron a pintar).<\/p>\t\t\t\t\t<\/div>\n\t\t\t\t\t\t<\/div>\n\t\t\t\t<\/div>\n\t\t\t\t\t\t<\/div>\n\t\t\t\t\t<\/div>\n\t\t<\/div>\n\t\t\t\t\t\t\t\t<\/div>\n\t\t\t\t\t<\/div>\n\t\t<\/section>\n\t\t\t\t<section class=\"elementor-section elementor-inner-section elementor-element elementor-element-59639b2 elementor-section-boxed elementor-section-height-default elementor-section-height-default\" data-id=\"59639b2\" data-element_type=\"section\" data-settings=\"{&quot;_ha_eqh_enable&quot;:false}\">\n\t\t\t\t\t\t<div class=\"elementor-container elementor-column-gap-default\">\n\t\t\t\t\t\t\t<div class=\"elementor-row\">\n\t\t\t\t\t<div class=\"elementor-column elementor-col-100 elementor-inner-column elementor-element elementor-element-c3ab547\" data-id=\"c3ab547\" data-element_type=\"column\">\n\t\t\t<div class=\"elementor-column-wrap elementor-element-populated\">\n\t\t\t\t\t\t\t<div class=\"elementor-widget-wrap\">\n\t\t\t\t\t\t<div class=\"elementor-element elementor-element-f696d2f elementor-widget elementor-widget-menu-anchor\" data-id=\"f696d2f\" data-element_type=\"widget\" data-widget_type=\"menu-anchor.default\">\n\t\t\t\t<div class=\"elementor-widget-container\">\n\t\t\t\t\t<div id=\"visualizacion\" class=\"elementor-menu-anchor\"><\/div>\n\t\t\t\t<\/div>\n\t\t\t\t<\/div>\n\t\t\t\t<div class=\"elementor-element elementor-element-3f93a94 elementor-drop-cap-yes elementor-drop-cap-view-default elementor-widget elementor-widget-text-editor\" data-id=\"3f93a94\" data-element_type=\"widget\" data-settings=\"{&quot;drop_cap&quot;:&quot;yes&quot;}\" data-widget_type=\"text-editor.default\">\n\t\t\t\t<div class=\"elementor-widget-container\">\n\t\t\t\t\t\t\t\t<div class=\"elementor-text-editor elementor-clearfix\">\n\t\t\t\t<p><strong>Visualizaci\u00f3n y b\u00fasqueda de im\u00e1genes<br \/><\/strong>Dado que el amor, la alegr\u00eda y los sentimientos est\u00e1n representados principalmente en mis pinturas, me gustar\u00eda dar a las personas interesadas la oportunidad de participar. Por lo tanto, le invito a usted como espectador a ponerse en contacto con las fotos. Los requisitos para ello son el tiempo, el silencio, la apertura, la falta de intenci\u00f3n y la confianza en que en alg\u00fan momento una imagen le atraer\u00e1 o despertar\u00e1 su curiosidad.<br \/>Tambi\u00e9n puede individualizar su b\u00fasqueda de im\u00e1genes eligiendo intuitivamente un n\u00famero entre el 1 y el 9. Ha elegido uno de los 9 grupos de im\u00e1genes de la galer\u00eda. Entonces puedes ver cu\u00e1ntas fotos contiene este grupo. (Para ello, debes tener las fotos de este grupo delante de ti y hacer clic en cualquier foto. Luego el n\u00famero de esta foto aparece en la esquina superior izquierda y detr\u00e1s de ella el n\u00famero total de fotos de este grupo). <br \/>Ahora, intuitivamente eliges una vez m\u00e1s un n\u00famero dentro de este grupo. No hay nada que entender con mis fotos y no hay necesidad de buscar nada. Tambi\u00e9n las interpretaciones no son importantes. Las im\u00e1genes, ya sean en blanco y negro o en color, son en muchos casos ambiguas. Es por eso que los t\u00edtulos se mencionan raramente. A usted, como espectador, se le debe permitir sentirse &#8220;suyo&#8221; en las im\u00e1genes de una manera imparcial y sin influencias.<\/p><h3 style=\"text-align: center;\"><em>&#8211; CADA AHORA TIENE ALAS (Lichtenberg) &#8211;<\/em><\/h3>\t\t\t\t\t<\/div>\n\t\t\t\t\t\t<\/div>\n\t\t\t\t<\/div>\n\t\t\t\t\t\t<\/div>\n\t\t\t\t\t<\/div>\n\t\t<\/div>\n\t\t\t\t\t\t\t\t<\/div>\n\t\t\t\t\t<\/div>\n\t\t<\/section>\n\t\t\t\t<div class=\"elementor-element elementor-element-c6be2ef elementor-widget elementor-widget-menu-anchor\" data-id=\"c6be2ef\" data-element_type=\"widget\" data-widget_type=\"menu-anchor.default\">\n\t\t\t\t<div class=\"elementor-widget-container\">\n\t\t\t\t\t<div id=\"descargar\" class=\"elementor-menu-anchor\"><\/div>\n\t\t\t\t<\/div>\n\t\t\t\t<\/div>\n\t\t\t\t<section class=\"elementor-section elementor-inner-section elementor-element elementor-element-d34fc6a elementor-section-boxed elementor-section-height-default elementor-section-height-default\" data-id=\"d34fc6a\" data-element_type=\"section\" data-settings=\"{&quot;_ha_eqh_enable&quot;:false}\">\n\t\t\t\t\t\t<div class=\"elementor-container elementor-column-gap-default\">\n\t\t\t\t\t\t\t<div class=\"elementor-row\">\n\t\t\t\t\t<div class=\"elementor-column elementor-col-100 elementor-inner-column elementor-element elementor-element-9f28e9e\" data-id=\"9f28e9e\" data-element_type=\"column\">\n\t\t\t<div class=\"elementor-column-wrap elementor-element-populated\">\n\t\t\t\t\t\t\t<div class=\"elementor-widget-wrap\">\n\t\t\t\t\t\t<div class=\"elementor-element elementor-element-b2a377f elementor-drop-cap-yes elementor-drop-cap-view-default elementor-widget elementor-widget-text-editor\" data-id=\"b2a377f\" data-element_type=\"widget\" data-settings=\"{&quot;drop_cap&quot;:&quot;yes&quot;}\" data-widget_type=\"text-editor.default\">\n\t\t\t\t<div class=\"elementor-widget-container\">\n\t\t\t\t\t\t\t\t<div class=\"elementor-text-editor elementor-clearfix\">\n\t\t\t\t<p><strong>DESCARGAR<br \/><\/strong>Doy mis fotos gratis a cualquiera que est\u00e9 interesado en descargarlas.\u00a0 Para mantener el efecto de las im\u00e1genes, le pido que no las cambie. Las im\u00e1genes de los grupos 1, 4, 5 y 6 son de formato m\u00e1s peque\u00f1o (A 4 y m\u00e1s peque\u00f1o).\u00a0 Las fotos de los grupos 2,3,7,8 y 9 est\u00e1n en el formato original A 3 y m\u00e1s grandes. Siempre es posible hacer impresiones m\u00e1s peque\u00f1as. Si ha hecho clic en una foto de uno de los 9 grupos de fotos, el n\u00famero de la foto aparece debajo de la misma. Si hay problemas con la impresi\u00f3n, puede ponerse en contacto conmigo a trav\u00e9s de mi correo electr\u00f3nico.\u00a0\u00a0\u00a0<\/p>\t\t\t\t\t<\/div>\n\t\t\t\t\t\t<\/div>\n\t\t\t\t<\/div>\n\t\t\t\t\t\t<\/div>\n\t\t\t\t\t<\/div>\n\t\t<\/div>\n\t\t\t\t\t\t\t\t<\/div>\n\t\t\t\t\t<\/div>\n\t\t<\/section>\n\t\t\t\t<div class=\"elementor-element elementor-element-c7de3fe elementor-widget elementor-widget-menu-anchor\" data-id=\"c7de3fe\" data-element_type=\"widget\" data-widget_type=\"menu-anchor.default\">\n\t\t\t\t<div class=\"elementor-widget-container\">\n\t\t\t\t\t<div id=\"stellungnahme\" class=\"elementor-menu-anchor\"><\/div>\n\t\t\t\t<\/div>\n\t\t\t\t<\/div>\n\t\t\t\t<section class=\"elementor-section elementor-inner-section elementor-element elementor-element-c8d6c15 elementor-section-boxed elementor-section-height-default elementor-section-height-default\" data-id=\"c8d6c15\" data-element_type=\"section\" data-settings=\"{&quot;_ha_eqh_enable&quot;:false}\">\n\t\t\t\t\t\t<div class=\"elementor-container elementor-column-gap-default\">\n\t\t\t\t\t\t\t<div class=\"elementor-row\">\n\t\t\t\t\t<div class=\"elementor-column elementor-col-100 elementor-inner-column elementor-element elementor-element-6d3ae0e\" data-id=\"6d3ae0e\" data-element_type=\"column\">\n\t\t\t<div class=\"elementor-column-wrap elementor-element-populated\">\n\t\t\t\t\t\t\t<div class=\"elementor-widget-wrap\">\n\t\t\t\t\t\t<div class=\"elementor-element elementor-element-5fee11f elementor-drop-cap-yes elementor-drop-cap-view-default elementor-widget elementor-widget-text-editor\" data-id=\"5fee11f\" data-element_type=\"widget\" data-settings=\"{&quot;drop_cap&quot;:&quot;yes&quot;}\" data-widget_type=\"text-editor.default\">\n\t\t\t\t<div class=\"elementor-widget-container\">\n\t\t\t\t\t\t\t\t<div class=\"elementor-text-editor elementor-clearfix\">\n\t\t\t\t<p><strong>DECLARACI\u00d3N<br \/><\/strong>Parto de la aceptaci\u00f3n de otros artistas y me siento conectado con aquellos que saben que lo esencial para nosotros es el proceso creativo. Todo lo que se dice aqu\u00ed es mi opini\u00f3n personal. Acepto otros puntos de vista del arte y dejo mi opini\u00f3n a un lado sin juzgar.<br \/>Deseo a todos los que trabajan con las pinturas momentos alegres y esclarecedores.<\/p><p><em>Hetten von Hohensteins<\/em><\/p>\t\t\t\t\t<\/div>\n\t\t\t\t\t\t<\/div>\n\t\t\t\t<\/div>\n\t\t\t\t\t\t<\/div>\n\t\t\t\t\t<\/div>\n\t\t<\/div>\n\t\t\t\t\t\t\t\t<\/div>\n\t\t\t\t\t<\/div>\n\t\t<\/section>\n\t\t\t\t\t\t<\/div>\n\t\t\t\t\t<\/div>\n\t\t<\/div>\n\t\t\t\t<main class=\"elementor-column elementor-col-50 elementor-top-column elementor-element elementor-element-31ad23d\" data-id=\"31ad23d\" data-element_type=\"column\">\n\t\t\t<div class=\"elementor-column-wrap elementor-element-populated\">\n\t\t\t\t\t\t\t<div class=\"elementor-widget-wrap\">\n\t\t\t\t\t\t<div class=\"elementor-element elementor-element-37baf84 elementor-widget elementor-widget-image\" data-id=\"37baf84\" data-element_type=\"widget\" data-widget_type=\"image.default\">\n\t\t\t\t<div class=\"elementor-widget-container\">\n\t\t\t\t\t\t\t\t<div class=\"elementor-image\">\n\t\t\t\t\t\t\t\t\t<figure class=\"wp-caption\">\n\t\t\t\t\t\t\t\t\t\t<img decoding=\"async\" width=\"768\" height=\"1078\" src=\"https:\/\/morphoart-hetten.com\/wp-content\/uploads\/2019\/12\/Gr-8-Bild73--768x1078.jpg\" class=\"attachment-medium_large size-medium_large wp-image-1463\" alt=\"\" srcset=\"https:\/\/morphoart-hetten.com\/wp-content\/uploads\/2019\/12\/Gr-8-Bild73--768x1078.jpg 768w, https:\/\/morphoart-hetten.com\/wp-content\/uploads\/2019\/12\/Gr-8-Bild73--214x300.jpg 214w, https:\/\/morphoart-hetten.com\/wp-content\/uploads\/2019\/12\/Gr-8-Bild73--730x1024.jpg 730w, https:\/\/morphoart-hetten.com\/wp-content\/uploads\/2019\/12\/Gr-8-Bild73--1095x1536.jpg 1095w, https:\/\/morphoart-hetten.com\/wp-content\/uploads\/2019\/12\/Gr-8-Bild73--rotated.jpg 1342w\" sizes=\"(max-width: 768px) 100vw, 768px\" \/>\t\t\t\t\t\t\t\t\t\t\t<figcaption class=\"widget-image-caption wp-caption-text\">Pintura acril\u00edco morfogen\u00e9tica<\/figcaption>\n\t\t\t\t\t\t\t\t\t\t<\/figure>\n\t\t\t\t\t\t\t\t<\/div>\n\t\t\t\t\t\t<\/div>\n\t\t\t\t<\/div>\n\t\t\t\t\t\t<\/div>\n\t\t\t\t\t<\/div>\n\t\t<\/main>\n\t\t\t\t\t\t\t\t<\/div>\n\t\t\t\t\t<\/div>\n\t\t<\/section>\n\t\t\t\t<section class=\"elementor-section elementor-top-section elementor-element elementor-element-be9ea67 elementor-section-boxed elementor-section-height-default elementor-section-height-default\" data-id=\"be9ea67\" data-element_type=\"section\" data-settings=\"{&quot;_ha_eqh_enable&quot;:false}\">\n\t\t\t\t\t\t<div class=\"elementor-container elementor-column-gap-default\">\n\t\t\t\t\t\t\t<div class=\"elementor-row\">\n\t\t\t\t\t<div class=\"elementor-column elementor-col-100 elementor-top-column elementor-element elementor-element-e06ffc6\" data-id=\"e06ffc6\" data-element_type=\"column\">\n\t\t\t<div class=\"elementor-column-wrap elementor-element-populated\">\n\t\t\t\t\t\t\t<div class=\"elementor-widget-wrap\">\n\t\t\t\t\t\t<div class=\"elementor-element elementor-element-5a63480 elementor-widget elementor-widget-image\" data-id=\"5a63480\" data-element_type=\"widget\" data-widget_type=\"image.default\">\n\t\t\t\t<div class=\"elementor-widget-container\">\n\t\t\t\t\t\t\t\t<div class=\"elementor-image\">\n\t\t\t\t\t\t\t\t\t\t\t\t<img decoding=\"async\" width=\"236\" height=\"120\" src=\"https:\/\/morphoart-hetten.com\/wp-content\/uploads\/2020\/11\/espa\u00f1ol-1.jpg\" class=\"attachment-large size-large wp-image-2540\" alt=\"\" \/>\t\t\t\t\t\t\t\t\t\t\t\t\t\t<\/div>\n\t\t\t\t\t\t<\/div>\n\t\t\t\t<\/div>\n\t\t\t\t\t\t<\/div>\n\t\t\t\t\t<\/div>\n\t\t<\/div>\n\t\t\t\t\t\t\t\t<\/div>\n\t\t\t\t\t<\/div>\n\t\t<\/section>\n\t\t\t\t\t\t\t\t\t<\/div>\n\t\t\t<\/div>\n\t\t\t\t\t<\/div>\n\t\t","protected":false},"excerpt":{"rendered":"<p>De mis pinturas Me uno al gran n\u00famero de &#8220;pintores&#8221;. Es mi contribuci\u00f3n a un arte como yo lo veo. Hasta qu\u00e9 punto me acerco a estas mis concepciones del arte, ciertamente depende de la voluntad, la apertura y la &hellip;<\/p>\n<p class=\"read-more\"> <a class=\"\" href=\"https:\/\/morphoart-hetten.com\/es\/de-mis-pinturas\/\"> <span class=\"screen-reader-text\">De mis pinturas<\/span> Leer m\u00e1s \u00bb<\/a><\/p>\n","protected":false},"author":1,"featured_media":0,"parent":0,"menu_order":0,"comment_status":"closed","ping_status":"closed","template":"","meta":{"site-sidebar-layout":"no-sidebar","site-content-layout":"page-builder","ast-global-header-display":"","ast-main-header-display":"","ast-hfb-above-header-display":"","ast-hfb-below-header-display":"","ast-hfb-mobile-header-display":"","site-post-title":"disabled","ast-breadcrumbs-content":"","ast-featured-img":"disabled","footer-sml-layout":"","theme-transparent-header-meta":"disabled","adv-header-id-meta":"","stick-header-meta":"default","header-above-stick-meta":"","header-main-stick-meta":"","header-below-stick-meta":""},"yoast_head":"<!-- This site is optimized with the Yoast SEO plugin v19.14 - https:\/\/yoast.com\/wordpress\/plugins\/seo\/ -->\n<title>Mis pinturas pintadas a mano para su descarga gratuita<\/title>\n<meta name=\"description\" content=\"Pinturas pintadas a mano, descarga gratuita. Mira con tu coraz\u00f3n y toma la foto que te guste. Im\u00e1genes energ\u00e9ticas y morfogen\u00e9ticas.\" \/>\n<meta name=\"robots\" content=\"index, follow, max-snippet:-1, max-image-preview:large, max-video-preview:-1\" \/>\n<link rel=\"canonical\" href=\"https:\/\/morphoart-hetten.com\/es\/de-mis-pinturas\/\" \/>\n<meta property=\"og:locale\" content=\"es_ES\" \/>\n<meta property=\"og:type\" content=\"article\" \/>\n<meta property=\"og:title\" content=\"Mis pinturas pintadas a mano para su descarga gratuita\" \/>\n<meta property=\"og:description\" content=\"Pinturas pintadas a mano, descarga gratuita. Mira con tu coraz\u00f3n y toma la foto que te guste. Im\u00e1genes energ\u00e9ticas y morfogen\u00e9ticas.\" \/>\n<meta property=\"og:url\" content=\"https:\/\/morphoart-hetten.com\/es\/de-mis-pinturas\/\" \/>\n<meta property=\"og:site_name\" content=\"Hetten von Hohensteins\" \/>\n<meta property=\"article:modified_time\" content=\"2020-11-03T07:23:37+00:00\" \/>\n<meta property=\"og:image\" content=\"https:\/\/morphoart-hetten.com\/wp-content\/uploads\/2019\/12\/Gr-8-Bild73--768x1078.jpg\" \/>\n<meta name=\"twitter:card\" content=\"summary_large_image\" \/>\n<meta name=\"twitter:label1\" content=\"Tiempo de lectura\" \/>\n\t<meta name=\"twitter:data1\" content=\"4 minutos\" \/>\n<script type=\"application\/ld+json\" class=\"yoast-schema-graph\">{\"@context\":\"https:\/\/schema.org\",\"@graph\":[{\"@type\":\"WebPage\",\"@id\":\"https:\/\/morphoart-hetten.com\/es\/de-mis-pinturas\/\",\"url\":\"https:\/\/morphoart-hetten.com\/es\/de-mis-pinturas\/\",\"name\":\"Mis pinturas pintadas a mano para su descarga gratuita\",\"isPartOf\":{\"@id\":\"https:\/\/morphoart-hetten.com\/#website\"},\"datePublished\":\"2019-12-02T18:27:51+00:00\",\"dateModified\":\"2020-11-03T07:23:37+00:00\",\"description\":\"Pinturas pintadas a mano, descarga gratuita. Mira con tu coraz\u00f3n y toma la foto que te guste. Im\u00e1genes energ\u00e9ticas y morfogen\u00e9ticas.\",\"breadcrumb\":{\"@id\":\"https:\/\/morphoart-hetten.com\/es\/de-mis-pinturas\/#breadcrumb\"},\"inLanguage\":\"es\",\"potentialAction\":[{\"@type\":\"ReadAction\",\"target\":[\"https:\/\/morphoart-hetten.com\/es\/de-mis-pinturas\/\"]}]},{\"@type\":\"BreadcrumbList\",\"@id\":\"https:\/\/morphoart-hetten.com\/es\/de-mis-pinturas\/#breadcrumb\",\"itemListElement\":[{\"@type\":\"ListItem\",\"position\":1,\"name\":\"Startseite\",\"item\":\"https:\/\/morphoart-hetten.com\/es\/\"},{\"@type\":\"ListItem\",\"position\":2,\"name\":\"De mis pinturas\"}]},{\"@type\":\"WebSite\",\"@id\":\"https:\/\/morphoart-hetten.com\/#website\",\"url\":\"https:\/\/morphoart-hetten.com\/\",\"name\":\"Hetten von Hohensteins\",\"description\":\"handgemalte Kunstbilder kostenlos zum Herunterladen\",\"publisher\":{\"@id\":\"https:\/\/morphoart-hetten.com\/#organization\"},\"potentialAction\":[{\"@type\":\"SearchAction\",\"target\":{\"@type\":\"EntryPoint\",\"urlTemplate\":\"https:\/\/morphoart-hetten.com\/?s={search_term_string}\"},\"query-input\":\"required name=search_term_string\"}],\"inLanguage\":\"es\"},{\"@type\":\"Organization\",\"@id\":\"https:\/\/morphoart-hetten.com\/#organization\",\"name\":\"Morphoart Hetten\",\"url\":\"https:\/\/morphoart-hetten.com\/\",\"logo\":{\"@type\":\"ImageObject\",\"inLanguage\":\"es\",\"@id\":\"https:\/\/morphoart-hetten.com\/#\/schema\/logo\/image\/\",\"url\":\"https:\/\/morphoart-hetten.com\/wp-content\/uploads\/2019\/12\/logo-new-2.png\",\"contentUrl\":\"https:\/\/morphoart-hetten.com\/wp-content\/uploads\/2019\/12\/logo-new-2.png\",\"width\":600,\"height\":826,\"caption\":\"Morphoart Hetten\"},\"image\":{\"@id\":\"https:\/\/morphoart-hetten.com\/#\/schema\/logo\/image\/\"}}]}<\/script>\n<!-- \/ Yoast SEO plugin. -->","yoast_head_json":{"title":"Mis pinturas pintadas a mano para su descarga gratuita","description":"Pinturas pintadas a mano, descarga gratuita. Mira con tu coraz\u00f3n y toma la foto que te guste. Im\u00e1genes energ\u00e9ticas y morfogen\u00e9ticas.","robots":{"index":"index","follow":"follow","max-snippet":"max-snippet:-1","max-image-preview":"max-image-preview:large","max-video-preview":"max-video-preview:-1"},"canonical":"https:\/\/morphoart-hetten.com\/es\/de-mis-pinturas\/","og_locale":"es_ES","og_type":"article","og_title":"Mis pinturas pintadas a mano para su descarga gratuita","og_description":"Pinturas pintadas a mano, descarga gratuita. Mira con tu coraz\u00f3n y toma la foto que te guste. Im\u00e1genes energ\u00e9ticas y morfogen\u00e9ticas.","og_url":"https:\/\/morphoart-hetten.com\/es\/de-mis-pinturas\/","og_site_name":"Hetten von Hohensteins","article_modified_time":"2020-11-03T07:23:37+00:00","og_image":[{"url":"https:\/\/morphoart-hetten.com\/wp-content\/uploads\/2019\/12\/Gr-8-Bild73--768x1078.jpg"}],"twitter_card":"summary_large_image","twitter_misc":{"Tiempo de lectura":"4 minutos"},"schema":{"@context":"https:\/\/schema.org","@graph":[{"@type":"WebPage","@id":"https:\/\/morphoart-hetten.com\/es\/de-mis-pinturas\/","url":"https:\/\/morphoart-hetten.com\/es\/de-mis-pinturas\/","name":"Mis pinturas pintadas a mano para su descarga gratuita","isPartOf":{"@id":"https:\/\/morphoart-hetten.com\/#website"},"datePublished":"2019-12-02T18:27:51+00:00","dateModified":"2020-11-03T07:23:37+00:00","description":"Pinturas pintadas a mano, descarga gratuita. Mira con tu coraz\u00f3n y toma la foto que te guste. Im\u00e1genes energ\u00e9ticas y morfogen\u00e9ticas.","breadcrumb":{"@id":"https:\/\/morphoart-hetten.com\/es\/de-mis-pinturas\/#breadcrumb"},"inLanguage":"es","potentialAction":[{"@type":"ReadAction","target":["https:\/\/morphoart-hetten.com\/es\/de-mis-pinturas\/"]}]},{"@type":"BreadcrumbList","@id":"https:\/\/morphoart-hetten.com\/es\/de-mis-pinturas\/#breadcrumb","itemListElement":[{"@type":"ListItem","position":1,"name":"Startseite","item":"https:\/\/morphoart-hetten.com\/es\/"},{"@type":"ListItem","position":2,"name":"De mis pinturas"}]},{"@type":"WebSite","@id":"https:\/\/morphoart-hetten.com\/#website","url":"https:\/\/morphoart-hetten.com\/","name":"Hetten von Hohensteins","description":"handgemalte Kunstbilder kostenlos zum Herunterladen","publisher":{"@id":"https:\/\/morphoart-hetten.com\/#organization"},"potentialAction":[{"@type":"SearchAction","target":{"@type":"EntryPoint","urlTemplate":"https:\/\/morphoart-hetten.com\/?s={search_term_string}"},"query-input":"required name=search_term_string"}],"inLanguage":"es"},{"@type":"Organization","@id":"https:\/\/morphoart-hetten.com\/#organization","name":"Morphoart Hetten","url":"https:\/\/morphoart-hetten.com\/","logo":{"@type":"ImageObject","inLanguage":"es","@id":"https:\/\/morphoart-hetten.com\/#\/schema\/logo\/image\/","url":"https:\/\/morphoart-hetten.com\/wp-content\/uploads\/2019\/12\/logo-new-2.png","contentUrl":"https:\/\/morphoart-hetten.com\/wp-content\/uploads\/2019\/12\/logo-new-2.png","width":600,"height":826,"caption":"Morphoart Hetten"},"image":{"@id":"https:\/\/morphoart-hetten.com\/#\/schema\/logo\/image\/"}}]}},"_links":{"self":[{"href":"https:\/\/morphoart-hetten.com\/es\/wp-json\/wp\/v2\/pages\/2139"}],"collection":[{"href":"https:\/\/morphoart-hetten.com\/es\/wp-json\/wp\/v2\/pages"}],"about":[{"href":"https:\/\/morphoart-hetten.com\/es\/wp-json\/wp\/v2\/types\/page"}],"author":[{"embeddable":true,"href":"https:\/\/morphoart-hetten.com\/es\/wp-json\/wp\/v2\/users\/1"}],"replies":[{"embeddable":true,"href":"https:\/\/morphoart-hetten.com\/es\/wp-json\/wp\/v2\/comments?post=2139"}],"version-history":[{"count":5,"href":"https:\/\/morphoart-hetten.com\/es\/wp-json\/wp\/v2\/pages\/2139\/revisions"}],"predecessor-version":[{"id":2543,"href":"https:\/\/morphoart-hetten.com\/es\/wp-json\/wp\/v2\/pages\/2139\/revisions\/2543"}],"wp:attachment":[{"href":"https:\/\/morphoart-hetten.com\/es\/wp-json\/wp\/v2\/media?parent=2139"}],"curies":[{"name":"wp","href":"https:\/\/api.w.org\/{rel}","templated":true}]}}