{"id":2136,"date":"2019-12-02T18:23:12","date_gmt":"2019-12-02T18:23:12","guid":{"rendered":"https:\/\/morphoart-hetten.com\/wirkung-der-kunst\/"},"modified":"2020-10-05T17:55:51","modified_gmt":"2020-10-05T17:55:51","slug":"efecto-y-tarea-del-arte","status":"publish","type":"page","link":"https:\/\/morphoart-hetten.com\/es\/efecto-y-tarea-del-arte\/","title":{"rendered":"Efecto y tarea del arte"},"content":{"rendered":"\t\t<div data-elementor-type=\"wp-post\" data-elementor-id=\"2136\" class=\"elementor elementor-2136 elementor-475\">\n\t\t\t\t\t\t<div class=\"elementor-inner\">\n\t\t\t\t<div class=\"elementor-section-wrap\">\n\t\t\t\t\t\t\t\t\t<section class=\"elementor-section elementor-top-section elementor-element elementor-element-e2fb838 elementor-reverse-mobile elementor-section-boxed elementor-section-height-default elementor-section-height-default\" data-id=\"e2fb838\" data-element_type=\"section\" data-settings=\"{&quot;_ha_eqh_enable&quot;:false}\">\n\t\t\t\t\t\t<div class=\"elementor-container elementor-column-gap-default\">\n\t\t\t\t\t\t\t<div class=\"elementor-row\">\n\t\t\t\t\t<div class=\"elementor-column elementor-col-50 elementor-top-column elementor-element elementor-element-a95bcc4\" data-id=\"a95bcc4\" data-element_type=\"column\">\n\t\t\t<div class=\"elementor-column-wrap elementor-element-populated\">\n\t\t\t\t\t\t\t<div class=\"elementor-widget-wrap\">\n\t\t\t\t\t\t<div class=\"elementor-element elementor-element-44fdb86 uael-mobile-heading-align-center elementor-widget elementor-widget-uael-advanced-heading\" data-id=\"44fdb86\" data-element_type=\"widget\" data-widget_type=\"uael-advanced-heading.default\">\n\t\t\t\t<div class=\"elementor-widget-container\">\n\t\t\t\r\n\t\t<div class=\"uael-module-content uael-heading-wrapper\">\r\n\t\t\t\t\t\t\r\n\t\t\t<h2 class=\"uael-heading\">\r\n\t\t\t\t\t\t\t\t\t\t<span class=\"uael-heading-text elementor-inline-editing uael-size--default\" data-elementor-setting-key=\"heading_title\" data-elementor-inline-editing-toolbar=\"basic\">Efecto y tarea del arte<\/span>\r\n\t\t\t\t\t\t\t<\/h2>\r\n\r\n\t\t\t\r\n\t\t\t\r\n\t\t\t\t\t\t\t<div class=\"uael-subheading elementor-inline-editing\" data-elementor-setting-key=\"heading_description\" data-elementor-inline-editing-toolbar=\"advanced\" >\r\n\t\t\t\t\tEl arte est\u00e1 hecho por la gente y debe servir a todas las personas. Tiene un efecto equilibrador sobre nuestros sentimientos y nuestras acciones. El arte puede ayudarnos a aprender con alegr\u00eda y a desarrollarnos para ser felices en nuestra tierra AHORA!\t\t\t\t<\/div>\r\n\t\t\t\t\r\n\t\t\t\t\t\t<\/div>\r\n\t\t\t\t<\/div>\n\t\t\t\t<\/div>\n\t\t\t\t<section class=\"elementor-section elementor-inner-section elementor-element elementor-element-4485a9d elementor-section-boxed elementor-section-height-default elementor-section-height-default\" data-id=\"4485a9d\" data-element_type=\"section\" data-settings=\"{&quot;_ha_eqh_enable&quot;:false}\">\n\t\t\t\t\t\t<div class=\"elementor-container elementor-column-gap-default\">\n\t\t\t\t\t\t\t<div class=\"elementor-row\">\n\t\t\t\t\t<div class=\"elementor-column elementor-col-100 elementor-inner-column elementor-element elementor-element-2a01866\" data-id=\"2a01866\" data-element_type=\"column\">\n\t\t\t<div class=\"elementor-column-wrap elementor-element-populated\">\n\t\t\t\t\t\t\t<div class=\"elementor-widget-wrap\">\n\t\t\t\t\t\t<div class=\"elementor-element elementor-element-fac2577 elementor-drop-cap-yes elementor-drop-cap-view-default elementor-widget elementor-widget-text-editor\" data-id=\"fac2577\" data-element_type=\"widget\" data-settings=\"{&quot;drop_cap&quot;:&quot;yes&quot;}\" data-widget_type=\"text-editor.default\">\n\t\t\t\t<div class=\"elementor-widget-container\">\n\t\t\t\t\t\t\t\t<div class=\"elementor-text-editor elementor-clearfix\">\n\t\t\t\t<p>Una imagen funciona a trav\u00e9s de su informaci\u00f3n as\u00ed como a trav\u00e9s de su energ\u00eda. El contenido informativo nos llega m\u00e1s f\u00e1cilmente cuando lo miramos sin pensar, cuando nuestra mente restrictiva se apaga. El componente energ\u00e9tico es un generador de resonancia y un amplificador, dependiendo de su forma. Todas las vibraciones influyen no s\u00f3lo en nuestras sensaciones, sino tambi\u00e9n en nuestro cuerpo material. Por ejemplo, estamos sanos cuando todas las c\u00e9lulas y \u00f3rganos est\u00e1n en el mayor equilibrio vibratorio posible. Esto explica las influencias curativas del arte armonioso. Con el fin de influir en la gente, los s\u00edmbolos, formas y colores se han utilizado conscientemente y con prop\u00f3sito en todas las formas de la sociedad. En el sentido de un arte que sirve directamente a la gente, tienen una funci\u00f3n de orden.<\/p><p>Cuanto m\u00e1s a menudo miramos, por ejemplo, la impresi\u00f3n pict\u00f3rica del amor, la belleza, la armon\u00eda, m\u00e1s omnipresentes se vuelven para nosotros, para nuestro pensamiento y nuestras acciones. Permanece en nuestra memoria. El efecto se multiplica, vive en nosotros. Con una frecuencia cada vez mayor, el efecto incluso se potencia, de forma similar a la m\u00fasica. Sabemos de sonidos que resuenan con el cuerpo, la mente y el alma. Comparado con la ESCUCHA, la sensaci\u00f3n es m\u00e1s sutil al mirarla y estamos menos practicados en esto. Sin embargo, este efecto puede aumentar significativamente por la apertura y la disposici\u00f3n interior del observador.\u00a0<\/p><p>Encontramos armon\u00eda en todas partes. Quien lo perciba conscientemente en la naturaleza tambi\u00e9n podr\u00e1 reconocerlo en las im\u00e1genes. El arte y la naturaleza van juntos. Todos los patrones fractales autosimilares en la naturaleza tienen estructuras armoniosas, muy llamativas, por ejemplo, en el caso del repollo Romanesco. Encontramos en todas partes proporciones de acuerdo con la proporci\u00f3n de oro y la f\u00f3rmula de Fibonacci. Encontramos esto hermoso. Al igual que en el macrocosmos, la evoluci\u00f3n es promovida por la armon\u00eda (T. Campell -Reducci\u00f3n de la Entrop\u00eda o Escalamiento Global por H. M\u00fcller), nosotros como humanos microc\u00f3smicos estamos sujetos a las mismas leyes naturales. Nuestro organismo se autoorganiza y se esfuerza por autoconservarse. Por lo tanto, tenemos una necesidad de armon\u00eda y una necesidad de integridad o curaci\u00f3n. Esta necesidad es la base de nuestros poderes de autocuraci\u00f3n. Esto es fundamental.<\/p><p>Por lo tanto, debemos cumplir esta aspiraci\u00f3n y dar a nuestro cuerpo, mente y alma el mejor cuidado posible. El arte puede ayudarnos en esto. Podemos trabajar activa o pasivamente con im\u00e1genes terap\u00e9uticas, meditar con ellas o comunic\u00e1ndonos con una imagen armoniosa podemos dar a nuestro pensamiento una direcci\u00f3n consciente. Se puede mejorar la percepci\u00f3n de la intuici\u00f3n y los sentimientos.\u00a0 Los sentimientos son m\u00e1s importantes que el conocimiento. A trav\u00e9s de ellos estamos conectados con la comunidad y con todo lo que nos rodea. Nos hacen como individuos y gu\u00edan nuestras acciones.<\/p><p>Sentir los efectos del arte no requiere ni el intelecto ni el conocimiento, s\u00f3lo la voluntad de comprometerse con \u00e9l. Despu\u00e9s de todo, tenemos libre albedr\u00edo y podemos elegir lo que queremos hacer bajo nuestra propia responsabilidad.<\/p><p>A trav\u00e9s de esta elecci\u00f3n decidimos conscientemente lo que viene a nuestra realidad, porque la energ\u00eda siempre sigue el foco de nuestra atenci\u00f3n. Los antiguos m\u00edsticos lo sab\u00edan. Y mientras tanto hay estudios cient\u00edficos que lo confirman. (por ejemplo, el experimento de la doble rendija) As\u00ed que cada uno de nosotros tiene la opci\u00f3n de elegir si prefiere ocupaciones alegres o se entrega a las disonancias o incluso se rebela contra ellas. Desde este punto de vista, los teatros de guerra son superfluos en el arte.<\/p><p>No tenemos que mirar repetidamente algo desagradable para ver lo bello.\u00a0 Tampoco nadie tiene que explicarnos lo que tenemos que considerar como arte. El arte es lo que nos hace bien. Dado que esta evaluaci\u00f3n es muy individual, las disputas tambi\u00e9n son innecesarias aqu\u00ed. M\u00fasica armoniosa, objetos de bella forma y color, agradables olores y sabores naturales y, sobre todo, el silencio de la naturaleza est\u00e1n a disposici\u00f3n de todos nosotros. S\u00f3lo tenemos que decidir y as\u00ed aprender de nuevo a escuchar conscientemente a nuestro coraz\u00f3n y a nuestro vientre. Con una intenci\u00f3n claramente elegida y un esfuerzo dedicado, cada actividad nos dar\u00e1 placer.<\/p>\t\t\t\t\t<\/div>\n\t\t\t\t\t\t<\/div>\n\t\t\t\t<\/div>\n\t\t\t\t\t\t<\/div>\n\t\t\t\t\t<\/div>\n\t\t<\/div>\n\t\t\t\t\t\t\t\t<\/div>\n\t\t\t\t\t<\/div>\n\t\t<\/section>\n\t\t\t\t\t\t<\/div>\n\t\t\t\t\t<\/div>\n\t\t<\/div>\n\t\t\t\t<div class=\"elementor-column elementor-col-50 elementor-top-column elementor-element elementor-element-31ad23d\" data-id=\"31ad23d\" data-element_type=\"column\" data-settings=\"{&quot;background_background&quot;:&quot;classic&quot;}\">\n\t\t\t<div class=\"elementor-column-wrap elementor-element-populated\">\n\t\t\t\t\t\t\t<div class=\"elementor-widget-wrap\">\n\t\t\t\t\t\t<div class=\"elementor-element elementor-element-9b8b74e elementor-widget elementor-widget-image\" data-id=\"9b8b74e\" data-element_type=\"widget\" data-widget_type=\"image.default\">\n\t\t\t\t<div class=\"elementor-widget-container\">\n\t\t\t\t\t\t\t\t<div class=\"elementor-image\">\n\t\t\t\t\t\t\t\t\t\t\t\t<img decoding=\"async\" width=\"733\" height=\"1024\" src=\"https:\/\/morphoart-hetten.com\/wp-content\/uploads\/2019\/12\/Gr-3-Bild63--733x1024.jpg\" class=\"attachment-large size-large wp-image-1044\" alt=\"\" srcset=\"https:\/\/morphoart-hetten.com\/wp-content\/uploads\/2019\/12\/Gr-3-Bild63--733x1024.jpg 733w, https:\/\/morphoart-hetten.com\/wp-content\/uploads\/2019\/12\/Gr-3-Bild63--215x300.jpg 215w, https:\/\/morphoart-hetten.com\/wp-content\/uploads\/2019\/12\/Gr-3-Bild63--768x1073.jpg 768w, https:\/\/morphoart-hetten.com\/wp-content\/uploads\/2019\/12\/Gr-3-Bild63--1099x1536.jpg 1099w, https:\/\/morphoart-hetten.com\/wp-content\/uploads\/2019\/12\/Gr-3-Bild63--1466x2048.jpg 1466w, https:\/\/morphoart-hetten.com\/wp-content\/uploads\/2019\/12\/Gr-3-Bild63--scaled.jpg 1832w\" sizes=\"(max-width: 733px) 100vw, 733px\" \/>\t\t\t\t\t\t\t\t\t\t\t\t\t\t<\/div>\n\t\t\t\t\t\t<\/div>\n\t\t\t\t<\/div>\n\t\t\t\t<div class=\"elementor-element elementor-element-8232850 elementor-widget elementor-widget-image\" data-id=\"8232850\" data-element_type=\"widget\" data-widget_type=\"image.default\">\n\t\t\t\t<div class=\"elementor-widget-container\">\n\t\t\t\t\t\t\t\t<div class=\"elementor-image\">\n\t\t\t\t\t\t\t\t\t\t\t\t<img decoding=\"async\" width=\"150\" height=\"150\" src=\"https:\/\/morphoart-hetten.com\/wp-content\/uploads\/2020\/10\/la-vida-es-una-gran-cosa-150x150.jpg\" class=\"attachment-thumbnail size-thumbnail wp-image-2515\" alt=\"\" srcset=\"https:\/\/morphoart-hetten.com\/wp-content\/uploads\/2020\/10\/la-vida-es-una-gran-cosa-150x150.jpg 150w, https:\/\/morphoart-hetten.com\/wp-content\/uploads\/2020\/10\/la-vida-es-una-gran-cosa-300x300.jpg 300w, https:\/\/morphoart-hetten.com\/wp-content\/uploads\/2020\/10\/la-vida-es-una-gran-cosa-1024x1024.jpg 1024w, https:\/\/morphoart-hetten.com\/wp-content\/uploads\/2020\/10\/la-vida-es-una-gran-cosa-768x768.jpg 768w, https:\/\/morphoart-hetten.com\/wp-content\/uploads\/2020\/10\/la-vida-es-una-gran-cosa.jpg 1181w\" sizes=\"(max-width: 150px) 100vw, 150px\" \/>\t\t\t\t\t\t\t\t\t\t\t\t\t\t<\/div>\n\t\t\t\t\t\t<\/div>\n\t\t\t\t<\/div>\n\t\t\t\t\t\t<\/div>\n\t\t\t\t\t<\/div>\n\t\t<\/div>\n\t\t\t\t\t\t\t\t<\/div>\n\t\t\t\t\t<\/div>\n\t\t<\/section>\n\t\t\t\t\t\t\t\t\t<\/div>\n\t\t\t<\/div>\n\t\t\t\t\t<\/div>\n\t\t","protected":false},"excerpt":{"rendered":"<p>Efecto y tarea del arte El arte est\u00e1 hecho por la gente y debe servir a todas las personas. Tiene un efecto equilibrador sobre nuestros sentimientos y nuestras acciones. El arte puede ayudarnos a aprender con alegr\u00eda y a desarrollarnos &hellip;<\/p>\n<p class=\"read-more\"> <a class=\"\" href=\"https:\/\/morphoart-hetten.com\/es\/efecto-y-tarea-del-arte\/\"> <span class=\"screen-reader-text\">Efecto y tarea del arte<\/span> Leer m\u00e1s \u00bb<\/a><\/p>\n","protected":false},"author":1,"featured_media":0,"parent":0,"menu_order":0,"comment_status":"closed","ping_status":"closed","template":"","meta":{"site-sidebar-layout":"no-sidebar","site-content-layout":"page-builder","ast-global-header-display":"","ast-main-header-display":"","ast-hfb-above-header-display":"","ast-hfb-below-header-display":"","ast-hfb-mobile-header-display":"","site-post-title":"disabled","ast-breadcrumbs-content":"","ast-featured-img":"disabled","footer-sml-layout":"","theme-transparent-header-meta":"disabled","adv-header-id-meta":"","stick-header-meta":"default","header-above-stick-meta":"","header-main-stick-meta":"","header-below-stick-meta":""},"yoast_head":"<!-- This site is optimized with the Yoast SEO plugin v19.14 - https:\/\/yoast.com\/wordpress\/plugins\/seo\/ -->\n<title>Efecto y tarea del arte - Hetten von Hohensteins<\/title>\n<meta name=\"description\" content=\"Wirkung und Aufgabe der Kunst wie ich sie verstehe. Kostenloser Download lizenzfrei ohne Anmeldung.Nimm Dir das Bild, das Dir gef\u00e4llt.\" \/>\n<meta name=\"robots\" content=\"index, follow, max-snippet:-1, max-image-preview:large, max-video-preview:-1\" \/>\n<link rel=\"canonical\" href=\"https:\/\/morphoart-hetten.com\/es\/efecto-y-tarea-del-arte\/\" \/>\n<meta property=\"og:locale\" content=\"es_ES\" \/>\n<meta property=\"og:type\" content=\"article\" \/>\n<meta property=\"og:title\" content=\"Efecto y tarea del arte - Hetten von Hohensteins\" \/>\n<meta property=\"og:description\" content=\"Wirkung und Aufgabe der Kunst wie ich sie verstehe. Kostenloser Download lizenzfrei ohne Anmeldung.Nimm Dir das Bild, das Dir gef\u00e4llt.\" \/>\n<meta property=\"og:url\" content=\"https:\/\/morphoart-hetten.com\/es\/efecto-y-tarea-del-arte\/\" \/>\n<meta property=\"og:site_name\" content=\"Hetten von Hohensteins\" \/>\n<meta property=\"article:modified_time\" content=\"2020-10-05T17:55:51+00:00\" \/>\n<meta property=\"og:image\" content=\"https:\/\/morphoart-hetten.com\/wp-content\/uploads\/2019\/12\/Gr-3-Bild63--733x1024.jpg\" \/>\n<meta name=\"twitter:card\" content=\"summary_large_image\" \/>\n<meta name=\"twitter:label1\" content=\"Tiempo de lectura\" \/>\n\t<meta name=\"twitter:data1\" content=\"4 minutos\" \/>\n<script type=\"application\/ld+json\" class=\"yoast-schema-graph\">{\"@context\":\"https:\/\/schema.org\",\"@graph\":[{\"@type\":\"WebPage\",\"@id\":\"https:\/\/morphoart-hetten.com\/es\/efecto-y-tarea-del-arte\/\",\"url\":\"https:\/\/morphoart-hetten.com\/es\/efecto-y-tarea-del-arte\/\",\"name\":\"Efecto y tarea del arte - Hetten von Hohensteins\",\"isPartOf\":{\"@id\":\"https:\/\/morphoart-hetten.com\/#website\"},\"datePublished\":\"2019-12-02T18:23:12+00:00\",\"dateModified\":\"2020-10-05T17:55:51+00:00\",\"description\":\"Wirkung und Aufgabe der Kunst wie ich sie verstehe. Kostenloser Download lizenzfrei ohne Anmeldung.Nimm Dir das Bild, das Dir gef\u00e4llt.\",\"breadcrumb\":{\"@id\":\"https:\/\/morphoart-hetten.com\/es\/efecto-y-tarea-del-arte\/#breadcrumb\"},\"inLanguage\":\"es\",\"potentialAction\":[{\"@type\":\"ReadAction\",\"target\":[\"https:\/\/morphoart-hetten.com\/es\/efecto-y-tarea-del-arte\/\"]}]},{\"@type\":\"BreadcrumbList\",\"@id\":\"https:\/\/morphoart-hetten.com\/es\/efecto-y-tarea-del-arte\/#breadcrumb\",\"itemListElement\":[{\"@type\":\"ListItem\",\"position\":1,\"name\":\"Startseite\",\"item\":\"https:\/\/morphoart-hetten.com\/es\/\"},{\"@type\":\"ListItem\",\"position\":2,\"name\":\"Efecto y tarea del arte\"}]},{\"@type\":\"WebSite\",\"@id\":\"https:\/\/morphoart-hetten.com\/#website\",\"url\":\"https:\/\/morphoart-hetten.com\/\",\"name\":\"Hetten von Hohensteins\",\"description\":\"handgemalte Kunstbilder kostenlos zum Herunterladen\",\"publisher\":{\"@id\":\"https:\/\/morphoart-hetten.com\/#organization\"},\"potentialAction\":[{\"@type\":\"SearchAction\",\"target\":{\"@type\":\"EntryPoint\",\"urlTemplate\":\"https:\/\/morphoart-hetten.com\/?s={search_term_string}\"},\"query-input\":\"required name=search_term_string\"}],\"inLanguage\":\"es\"},{\"@type\":\"Organization\",\"@id\":\"https:\/\/morphoart-hetten.com\/#organization\",\"name\":\"Morphoart Hetten\",\"url\":\"https:\/\/morphoart-hetten.com\/\",\"logo\":{\"@type\":\"ImageObject\",\"inLanguage\":\"es\",\"@id\":\"https:\/\/morphoart-hetten.com\/#\/schema\/logo\/image\/\",\"url\":\"https:\/\/morphoart-hetten.com\/wp-content\/uploads\/2019\/12\/logo-new-2.png\",\"contentUrl\":\"https:\/\/morphoart-hetten.com\/wp-content\/uploads\/2019\/12\/logo-new-2.png\",\"width\":600,\"height\":826,\"caption\":\"Morphoart Hetten\"},\"image\":{\"@id\":\"https:\/\/morphoart-hetten.com\/#\/schema\/logo\/image\/\"}}]}<\/script>\n<!-- \/ Yoast SEO plugin. -->","yoast_head_json":{"title":"Efecto y tarea del arte - Hetten von Hohensteins","description":"Wirkung und Aufgabe der Kunst wie ich sie verstehe. Kostenloser Download lizenzfrei ohne Anmeldung.Nimm Dir das Bild, das Dir gef\u00e4llt.","robots":{"index":"index","follow":"follow","max-snippet":"max-snippet:-1","max-image-preview":"max-image-preview:large","max-video-preview":"max-video-preview:-1"},"canonical":"https:\/\/morphoart-hetten.com\/es\/efecto-y-tarea-del-arte\/","og_locale":"es_ES","og_type":"article","og_title":"Efecto y tarea del arte - Hetten von Hohensteins","og_description":"Wirkung und Aufgabe der Kunst wie ich sie verstehe. Kostenloser Download lizenzfrei ohne Anmeldung.Nimm Dir das Bild, das Dir gef\u00e4llt.","og_url":"https:\/\/morphoart-hetten.com\/es\/efecto-y-tarea-del-arte\/","og_site_name":"Hetten von Hohensteins","article_modified_time":"2020-10-05T17:55:51+00:00","og_image":[{"url":"https:\/\/morphoart-hetten.com\/wp-content\/uploads\/2019\/12\/Gr-3-Bild63--733x1024.jpg"}],"twitter_card":"summary_large_image","twitter_misc":{"Tiempo de lectura":"4 minutos"},"schema":{"@context":"https:\/\/schema.org","@graph":[{"@type":"WebPage","@id":"https:\/\/morphoart-hetten.com\/es\/efecto-y-tarea-del-arte\/","url":"https:\/\/morphoart-hetten.com\/es\/efecto-y-tarea-del-arte\/","name":"Efecto y tarea del arte - Hetten von Hohensteins","isPartOf":{"@id":"https:\/\/morphoart-hetten.com\/#website"},"datePublished":"2019-12-02T18:23:12+00:00","dateModified":"2020-10-05T17:55:51+00:00","description":"Wirkung und Aufgabe der Kunst wie ich sie verstehe. Kostenloser Download lizenzfrei ohne Anmeldung.Nimm Dir das Bild, das Dir gef\u00e4llt.","breadcrumb":{"@id":"https:\/\/morphoart-hetten.com\/es\/efecto-y-tarea-del-arte\/#breadcrumb"},"inLanguage":"es","potentialAction":[{"@type":"ReadAction","target":["https:\/\/morphoart-hetten.com\/es\/efecto-y-tarea-del-arte\/"]}]},{"@type":"BreadcrumbList","@id":"https:\/\/morphoart-hetten.com\/es\/efecto-y-tarea-del-arte\/#breadcrumb","itemListElement":[{"@type":"ListItem","position":1,"name":"Startseite","item":"https:\/\/morphoart-hetten.com\/es\/"},{"@type":"ListItem","position":2,"name":"Efecto y tarea del arte"}]},{"@type":"WebSite","@id":"https:\/\/morphoart-hetten.com\/#website","url":"https:\/\/morphoart-hetten.com\/","name":"Hetten von Hohensteins","description":"handgemalte Kunstbilder kostenlos zum Herunterladen","publisher":{"@id":"https:\/\/morphoart-hetten.com\/#organization"},"potentialAction":[{"@type":"SearchAction","target":{"@type":"EntryPoint","urlTemplate":"https:\/\/morphoart-hetten.com\/?s={search_term_string}"},"query-input":"required name=search_term_string"}],"inLanguage":"es"},{"@type":"Organization","@id":"https:\/\/morphoart-hetten.com\/#organization","name":"Morphoart Hetten","url":"https:\/\/morphoart-hetten.com\/","logo":{"@type":"ImageObject","inLanguage":"es","@id":"https:\/\/morphoart-hetten.com\/#\/schema\/logo\/image\/","url":"https:\/\/morphoart-hetten.com\/wp-content\/uploads\/2019\/12\/logo-new-2.png","contentUrl":"https:\/\/morphoart-hetten.com\/wp-content\/uploads\/2019\/12\/logo-new-2.png","width":600,"height":826,"caption":"Morphoart Hetten"},"image":{"@id":"https:\/\/morphoart-hetten.com\/#\/schema\/logo\/image\/"}}]}},"_links":{"self":[{"href":"https:\/\/morphoart-hetten.com\/es\/wp-json\/wp\/v2\/pages\/2136"}],"collection":[{"href":"https:\/\/morphoart-hetten.com\/es\/wp-json\/wp\/v2\/pages"}],"about":[{"href":"https:\/\/morphoart-hetten.com\/es\/wp-json\/wp\/v2\/types\/page"}],"author":[{"embeddable":true,"href":"https:\/\/morphoart-hetten.com\/es\/wp-json\/wp\/v2\/users\/1"}],"replies":[{"embeddable":true,"href":"https:\/\/morphoart-hetten.com\/es\/wp-json\/wp\/v2\/comments?post=2136"}],"version-history":[{"count":4,"href":"https:\/\/morphoart-hetten.com\/es\/wp-json\/wp\/v2\/pages\/2136\/revisions"}],"predecessor-version":[{"id":2520,"href":"https:\/\/morphoart-hetten.com\/es\/wp-json\/wp\/v2\/pages\/2136\/revisions\/2520"}],"wp:attachment":[{"href":"https:\/\/morphoart-hetten.com\/es\/wp-json\/wp\/v2\/media?parent=2136"}],"curies":[{"name":"wp","href":"https:\/\/api.w.org\/{rel}","templated":true}]}}