{"id":2133,"date":"2019-12-19T19:13:45","date_gmt":"2019-12-19T19:13:45","guid":{"rendered":"https:\/\/morphoart-hetten.com\/impressum\/"},"modified":"2020-10-21T07:05:57","modified_gmt":"2020-10-21T07:05:57","slug":"aviso-legal","status":"publish","type":"page","link":"https:\/\/morphoart-hetten.com\/es\/aviso-legal\/","title":{"rendered":"Aviso legal"},"content":{"rendered":"\t\t<div data-elementor-type=\"wp-page\" data-elementor-id=\"2133\" class=\"elementor elementor-2133 elementor-1270\">\n\t\t\t\t\t\t<div class=\"elementor-inner\">\n\t\t\t\t<div class=\"elementor-section-wrap\">\n\t\t\t\t\t\t\t\t\t<section class=\"elementor-section elementor-top-section elementor-element elementor-element-7443a69 elementor-section-boxed elementor-section-height-default elementor-section-height-default\" data-id=\"7443a69\" data-element_type=\"section\" data-settings=\"{&quot;_ha_eqh_enable&quot;:false}\">\n\t\t\t\t\t\t<div class=\"elementor-container elementor-column-gap-default\">\n\t\t\t\t\t\t\t<div class=\"elementor-row\">\n\t\t\t\t\t<div class=\"elementor-column elementor-col-100 elementor-top-column elementor-element elementor-element-784e11f\" data-id=\"784e11f\" data-element_type=\"column\">\n\t\t\t<div class=\"elementor-column-wrap elementor-element-populated\">\n\t\t\t\t\t\t\t<div class=\"elementor-widget-wrap\">\n\t\t\t\t\t\t<div class=\"elementor-element elementor-element-85565b1 elementor-widget elementor-widget-text-editor\" data-id=\"85565b1\" data-element_type=\"widget\" data-widget_type=\"text-editor.default\">\n\t\t\t\t<div class=\"elementor-widget-container\">\n\t\t\t\t\t\t\t\t<div class=\"elementor-text-editor elementor-clearfix\">\n\t\t\t\t<h1 style=\"text-align: left; font-size: 23px;\">Aviso legal<\/h1><p><strong>Informaci\u00f3n seg\u00fan el \u00a7 5 TMG<br \/><\/strong>Hetten von Hohensteins<br \/>Sodenerstrasse 11<br \/>65824 Schwalbach<\/p><p><strong>Contacte con<br \/><\/strong>Tel\u00e9fono: 0049 61962048331-0034 658 307 089<br \/>correo electr\u00f3nico: info@morphoart-hetten.com<\/p><p><strong>Responsabilidad por el contenido<br \/><\/strong>Como proveedor de servicios, somos responsables de nuestros propios contenidos en estas p\u00e1ginas de acuerdo con el \u00a7 7 p\u00e1rrafo 1 TMG (Ley alemana de telemedios) y las leyes generales. De conformidad con los art\u00edculos 8 a 10 de la Ley de Marcas, no estamos obligados a vigilar la informaci\u00f3n transmitida o almacenada de terceros ni a investigar las circunstancias que indiquen una actividad ilegal. Las obligaciones de eliminar o bloquear el uso de la informaci\u00f3n de acuerdo con las leyes generales no se ven afectadas por ello. Sin embargo, la responsabilidad a este respecto s\u00f3lo es posible a partir del momento en que se tiene conocimiento de una infracci\u00f3n concreta. Si tenemos conocimiento de alguna de estas infracciones legales, eliminaremos el contenido en cuesti\u00f3n inmediatamente.<\/p><p><strong>Responsabilidad por los enlaces<br \/><\/strong>Nuestra oferta contiene enlaces a p\u00e1ginas web externas de terceros, sobre cuyos contenidos no tenemos ninguna influencia. Por lo tanto, no podemos asumir ninguna responsabilidad por estos contenidos externos. El respectivo proveedor u operador de los sitios es siempre responsable de los contenidos de los sitios enlazados. Las p\u00e1ginas enlazadas fueron comprobadas para detectar posibles violaciones legales en el momento de la vinculaci\u00f3n. Los contenidos ilegales no se identificaron en el momento de la vinculaci\u00f3n.\u00a0 Sin embargo, no es razonable un control permanente del contenido de las p\u00e1ginas enlazadas sin pruebas concretas de una violaci\u00f3n de la ley. Si nos enteramos de alguna infracci\u00f3n, eliminaremos esos enlaces inmediatamente.<\/p><p><strong>Derechos de autor<br \/><\/strong>Los contenidos y las obras de estas p\u00e1ginas creadas por los operadores del sitio est\u00e1n sujetos a la ley alemana de derechos de autor. La reproducci\u00f3n, edici\u00f3n, distribuci\u00f3n y cualquier tipo de uso fuera de los l\u00edmites de la ley de derechos de autor requieren el consentimiento por escrito del respectivo autor o creador. <br \/><strong>Se permite la descarga y copia de las im\u00e1genes de estas p\u00e1ginas para uso privado y para su inserci\u00f3n en sitios web, carteles o similares, tambi\u00e9n con fines publicitarios.<\/strong> <br \/>En la medida en que el contenido de este sitio no haya sido creado por el operador, se respetan los derechos de autor de terceros. En particular, el contenido de terceros est\u00e1 marcado como tal. Si a pesar de ello, se entera de una infracci\u00f3n de derechos de autor, por favor inf\u00f3rmenos. Si nos enteramos de alguna infracci\u00f3n, eliminaremos ese contenido inmediatamente<\/p>\t\t\t\t\t<\/div>\n\t\t\t\t\t\t<\/div>\n\t\t\t\t<\/div>\n\t\t\t\t\t\t<\/div>\n\t\t\t\t\t<\/div>\n\t\t<\/div>\n\t\t\t\t\t\t\t\t<\/div>\n\t\t\t\t\t<\/div>\n\t\t<\/section>\n\t\t\t\t\t\t\t\t\t<\/div>\n\t\t\t<\/div>\n\t\t\t\t\t<\/div>\n\t\t","protected":false},"excerpt":{"rendered":"<p>Aviso legal Informaci\u00f3n seg\u00fan el \u00a7 5 TMGHetten von HohensteinsSodenerstrasse 1165824 Schwalbach Contacte conTel\u00e9fono: 0049 61962048331-0034 658 307 089correo electr\u00f3nico: info@morphoart-hetten.com Responsabilidad por el contenidoComo proveedor de servicios, somos responsables de nuestros propios contenidos en estas p\u00e1ginas de acuerdo con &hellip;<\/p>\n<p class=\"read-more\"> <a class=\"\" href=\"https:\/\/morphoart-hetten.com\/es\/aviso-legal\/\"> <span class=\"screen-reader-text\">Aviso legal<\/span> Leer m\u00e1s \u00bb<\/a><\/p>\n","protected":false},"author":1,"featured_media":0,"parent":0,"menu_order":0,"comment_status":"closed","ping_status":"closed","template":"","meta":{"site-sidebar-layout":"no-sidebar","site-content-layout":"page-builder","ast-global-header-display":"","ast-main-header-display":"","ast-hfb-above-header-display":"","ast-hfb-below-header-display":"","ast-hfb-mobile-header-display":"","site-post-title":"disabled","ast-breadcrumbs-content":"","ast-featured-img":"disabled","footer-sml-layout":"","theme-transparent-header-meta":"default","adv-header-id-meta":"","stick-header-meta":"default","header-above-stick-meta":"","header-main-stick-meta":"","header-below-stick-meta":""},"yoast_head":"<!-- This site is optimized with the Yoast SEO plugin v19.14 - https:\/\/yoast.com\/wordpress\/plugins\/seo\/ -->\n<title>Aviso legal - Hetten von Hohensteins<\/title>\n<meta name=\"robots\" content=\"noindex, nofollow\" \/>\n<meta property=\"og:locale\" content=\"es_ES\" \/>\n<meta property=\"og:type\" content=\"article\" \/>\n<meta property=\"og:title\" content=\"Aviso legal - Hetten von Hohensteins\" \/>\n<meta property=\"og:description\" content=\"Aviso legal Informaci\u00f3n seg\u00fan el \u00a7 5 TMGHetten von HohensteinsSodenerstrasse 1165824 Schwalbach Contacte conTel\u00e9fono: 0049 61962048331-0034 658 307 089correo electr\u00f3nico: info@morphoart-hetten.com Responsabilidad por el contenidoComo proveedor de servicios, somos responsables de nuestros propios contenidos en estas p\u00e1ginas de acuerdo con &hellip; Aviso legal Leer m\u00e1s \u00bb\" \/>\n<meta property=\"og:url\" content=\"https:\/\/morphoart-hetten.com\/es\/aviso-legal\/\" \/>\n<meta property=\"og:site_name\" content=\"Hetten von Hohensteins\" \/>\n<meta property=\"article:modified_time\" content=\"2020-10-21T07:05:57+00:00\" \/>\n<meta name=\"twitter:card\" content=\"summary_large_image\" \/>\n<meta name=\"twitter:label1\" content=\"Tiempo de lectura\" \/>\n\t<meta name=\"twitter:data1\" content=\"2 minutos\" \/>\n<script type=\"application\/ld+json\" class=\"yoast-schema-graph\">{\"@context\":\"https:\/\/schema.org\",\"@graph\":[{\"@type\":\"WebPage\",\"@id\":\"https:\/\/morphoart-hetten.com\/es\/aviso-legal\/\",\"url\":\"https:\/\/morphoart-hetten.com\/es\/aviso-legal\/\",\"name\":\"Aviso legal - Hetten von Hohensteins\",\"isPartOf\":{\"@id\":\"https:\/\/morphoart-hetten.com\/#website\"},\"datePublished\":\"2019-12-19T19:13:45+00:00\",\"dateModified\":\"2020-10-21T07:05:57+00:00\",\"breadcrumb\":{\"@id\":\"https:\/\/morphoart-hetten.com\/es\/aviso-legal\/#breadcrumb\"},\"inLanguage\":\"es\",\"potentialAction\":[{\"@type\":\"ReadAction\",\"target\":[\"https:\/\/morphoart-hetten.com\/es\/aviso-legal\/\"]}]},{\"@type\":\"BreadcrumbList\",\"@id\":\"https:\/\/morphoart-hetten.com\/es\/aviso-legal\/#breadcrumb\",\"itemListElement\":[{\"@type\":\"ListItem\",\"position\":1,\"name\":\"Startseite\",\"item\":\"https:\/\/morphoart-hetten.com\/es\/\"},{\"@type\":\"ListItem\",\"position\":2,\"name\":\"Aviso legal\"}]},{\"@type\":\"WebSite\",\"@id\":\"https:\/\/morphoart-hetten.com\/#website\",\"url\":\"https:\/\/morphoart-hetten.com\/\",\"name\":\"Hetten von Hohensteins\",\"description\":\"handgemalte Kunstbilder kostenlos zum Herunterladen\",\"publisher\":{\"@id\":\"https:\/\/morphoart-hetten.com\/#organization\"},\"potentialAction\":[{\"@type\":\"SearchAction\",\"target\":{\"@type\":\"EntryPoint\",\"urlTemplate\":\"https:\/\/morphoart-hetten.com\/?s={search_term_string}\"},\"query-input\":\"required name=search_term_string\"}],\"inLanguage\":\"es\"},{\"@type\":\"Organization\",\"@id\":\"https:\/\/morphoart-hetten.com\/#organization\",\"name\":\"Morphoart Hetten\",\"url\":\"https:\/\/morphoart-hetten.com\/\",\"logo\":{\"@type\":\"ImageObject\",\"inLanguage\":\"es\",\"@id\":\"https:\/\/morphoart-hetten.com\/#\/schema\/logo\/image\/\",\"url\":\"https:\/\/morphoart-hetten.com\/wp-content\/uploads\/2019\/12\/logo-new-2.png\",\"contentUrl\":\"https:\/\/morphoart-hetten.com\/wp-content\/uploads\/2019\/12\/logo-new-2.png\",\"width\":600,\"height\":826,\"caption\":\"Morphoart Hetten\"},\"image\":{\"@id\":\"https:\/\/morphoart-hetten.com\/#\/schema\/logo\/image\/\"}}]}<\/script>\n<!-- \/ Yoast SEO plugin. -->","yoast_head_json":{"title":"Aviso legal - Hetten von Hohensteins","robots":{"index":"noindex","follow":"nofollow"},"og_locale":"es_ES","og_type":"article","og_title":"Aviso legal - Hetten von Hohensteins","og_description":"Aviso legal Informaci\u00f3n seg\u00fan el \u00a7 5 TMGHetten von HohensteinsSodenerstrasse 1165824 Schwalbach Contacte conTel\u00e9fono: 0049 61962048331-0034 658 307 089correo electr\u00f3nico: info@morphoart-hetten.com Responsabilidad por el contenidoComo proveedor de servicios, somos responsables de nuestros propios contenidos en estas p\u00e1ginas de acuerdo con &hellip; Aviso legal Leer m\u00e1s \u00bb","og_url":"https:\/\/morphoart-hetten.com\/es\/aviso-legal\/","og_site_name":"Hetten von Hohensteins","article_modified_time":"2020-10-21T07:05:57+00:00","twitter_card":"summary_large_image","twitter_misc":{"Tiempo de lectura":"2 minutos"},"schema":{"@context":"https:\/\/schema.org","@graph":[{"@type":"WebPage","@id":"https:\/\/morphoart-hetten.com\/es\/aviso-legal\/","url":"https:\/\/morphoart-hetten.com\/es\/aviso-legal\/","name":"Aviso legal - Hetten von Hohensteins","isPartOf":{"@id":"https:\/\/morphoart-hetten.com\/#website"},"datePublished":"2019-12-19T19:13:45+00:00","dateModified":"2020-10-21T07:05:57+00:00","breadcrumb":{"@id":"https:\/\/morphoart-hetten.com\/es\/aviso-legal\/#breadcrumb"},"inLanguage":"es","potentialAction":[{"@type":"ReadAction","target":["https:\/\/morphoart-hetten.com\/es\/aviso-legal\/"]}]},{"@type":"BreadcrumbList","@id":"https:\/\/morphoart-hetten.com\/es\/aviso-legal\/#breadcrumb","itemListElement":[{"@type":"ListItem","position":1,"name":"Startseite","item":"https:\/\/morphoart-hetten.com\/es\/"},{"@type":"ListItem","position":2,"name":"Aviso legal"}]},{"@type":"WebSite","@id":"https:\/\/morphoart-hetten.com\/#website","url":"https:\/\/morphoart-hetten.com\/","name":"Hetten von Hohensteins","description":"handgemalte Kunstbilder kostenlos zum Herunterladen","publisher":{"@id":"https:\/\/morphoart-hetten.com\/#organization"},"potentialAction":[{"@type":"SearchAction","target":{"@type":"EntryPoint","urlTemplate":"https:\/\/morphoart-hetten.com\/?s={search_term_string}"},"query-input":"required name=search_term_string"}],"inLanguage":"es"},{"@type":"Organization","@id":"https:\/\/morphoart-hetten.com\/#organization","name":"Morphoart Hetten","url":"https:\/\/morphoart-hetten.com\/","logo":{"@type":"ImageObject","inLanguage":"es","@id":"https:\/\/morphoart-hetten.com\/#\/schema\/logo\/image\/","url":"https:\/\/morphoart-hetten.com\/wp-content\/uploads\/2019\/12\/logo-new-2.png","contentUrl":"https:\/\/morphoart-hetten.com\/wp-content\/uploads\/2019\/12\/logo-new-2.png","width":600,"height":826,"caption":"Morphoart Hetten"},"image":{"@id":"https:\/\/morphoart-hetten.com\/#\/schema\/logo\/image\/"}}]}},"_links":{"self":[{"href":"https:\/\/morphoart-hetten.com\/es\/wp-json\/wp\/v2\/pages\/2133"}],"collection":[{"href":"https:\/\/morphoart-hetten.com\/es\/wp-json\/wp\/v2\/pages"}],"about":[{"href":"https:\/\/morphoart-hetten.com\/es\/wp-json\/wp\/v2\/types\/page"}],"author":[{"embeddable":true,"href":"https:\/\/morphoart-hetten.com\/es\/wp-json\/wp\/v2\/users\/1"}],"replies":[{"embeddable":true,"href":"https:\/\/morphoart-hetten.com\/es\/wp-json\/wp\/v2\/comments?post=2133"}],"version-history":[{"count":3,"href":"https:\/\/morphoart-hetten.com\/es\/wp-json\/wp\/v2\/pages\/2133\/revisions"}],"predecessor-version":[{"id":2525,"href":"https:\/\/morphoart-hetten.com\/es\/wp-json\/wp\/v2\/pages\/2133\/revisions\/2525"}],"wp:attachment":[{"href":"https:\/\/morphoart-hetten.com\/es\/wp-json\/wp\/v2\/media?parent=2133"}],"curies":[{"name":"wp","href":"https:\/\/api.w.org\/{rel}","templated":true}]}}