{"id":2117,"date":"2019-12-02T18:33:50","date_gmt":"2019-12-02T18:33:50","guid":{"rendered":"https:\/\/morphoart-hetten.com\/anhang\/"},"modified":"2020-11-06T08:32:53","modified_gmt":"2020-11-06T08:32:53","slug":"anexo","status":"publish","type":"page","link":"https:\/\/morphoart-hetten.com\/es\/anexo\/","title":{"rendered":"Anexo"},"content":{"rendered":"\t\t<div data-elementor-type=\"wp-post\" data-elementor-id=\"2117\" class=\"elementor elementor-2117 elementor-489\">\n\t\t\t\t\t\t<div class=\"elementor-inner\">\n\t\t\t\t<div class=\"elementor-section-wrap\">\n\t\t\t\t\t\t\t\t\t<section class=\"elementor-section elementor-top-section elementor-element elementor-element-e2fb838 elementor-reverse-mobile elementor-section-boxed elementor-section-height-default elementor-section-height-default\" data-id=\"e2fb838\" data-element_type=\"section\" data-settings=\"{&quot;_ha_eqh_enable&quot;:false}\">\n\t\t\t\t\t\t<div class=\"elementor-container elementor-column-gap-default\">\n\t\t\t\t\t\t\t<div class=\"elementor-row\">\n\t\t\t\t\t<div class=\"elementor-column elementor-col-50 elementor-top-column elementor-element elementor-element-a95bcc4\" data-id=\"a95bcc4\" data-element_type=\"column\">\n\t\t\t<div class=\"elementor-column-wrap elementor-element-populated\">\n\t\t\t\t\t\t\t<div class=\"elementor-widget-wrap\">\n\t\t\t\t\t\t<div class=\"elementor-element elementor-element-44fdb86 uael-mobile-heading-align-center elementor-widget elementor-widget-uael-advanced-heading\" data-id=\"44fdb86\" data-element_type=\"widget\" data-widget_type=\"uael-advanced-heading.default\">\n\t\t\t\t<div class=\"elementor-widget-container\">\n\t\t\t\r\n\t\t<div class=\"uael-module-content uael-heading-wrapper\">\r\n\t\t\t\t\t\t\r\n\t\t\t<h2 class=\"uael-heading\">\r\n\t\t\t\t\t\t\t\t\t\t<span class=\"uael-heading-text elementor-inline-editing uael-size--default\" data-elementor-setting-key=\"heading_title\" data-elementor-inline-editing-toolbar=\"basic\">anexo<\/span>\r\n\t\t\t\t\t\t\t<\/h2>\r\n\r\n\t\t\t\r\n\t\t\t\r\n\t\t\t\r\n\t\t\t\t\t\t<\/div>\r\n\t\t\t\t<\/div>\n\t\t\t\t<\/div>\n\t\t\t\t<div class=\"elementor-element elementor-element-b06ac93 elementor-widget elementor-widget-menu-anchor\" data-id=\"b06ac93\" data-element_type=\"widget\" data-widget_type=\"menu-anchor.default\">\n\t\t\t\t<div class=\"elementor-widget-container\">\n\t\t\t\t\t<div id=\"campo-morfo\" class=\"elementor-menu-anchor\"><\/div>\n\t\t\t\t<\/div>\n\t\t\t\t<\/div>\n\t\t\t\t<section class=\"elementor-section elementor-inner-section elementor-element elementor-element-4485a9d elementor-section-boxed elementor-section-height-default elementor-section-height-default\" data-id=\"4485a9d\" data-element_type=\"section\" data-settings=\"{&quot;_ha_eqh_enable&quot;:false}\">\n\t\t\t\t\t\t<div class=\"elementor-container elementor-column-gap-default\">\n\t\t\t\t\t\t\t<div class=\"elementor-row\">\n\t\t\t\t\t<div class=\"elementor-column elementor-col-100 elementor-inner-column elementor-element elementor-element-2a01866\" data-id=\"2a01866\" data-element_type=\"column\">\n\t\t\t<div class=\"elementor-column-wrap elementor-element-populated\">\n\t\t\t\t\t\t\t<div class=\"elementor-widget-wrap\">\n\t\t\t\t\t\t<div class=\"elementor-element elementor-element-fac2577 elementor-drop-cap-yes elementor-drop-cap-view-default elementor-widget elementor-widget-text-editor\" data-id=\"fac2577\" data-element_type=\"widget\" data-settings=\"{&quot;drop_cap&quot;:&quot;yes&quot;}\" data-widget_type=\"text-editor.default\">\n\t\t\t\t<div class=\"elementor-widget-container\">\n\t\t\t\t\t\t\t\t<div class=\"elementor-text-editor elementor-clearfix\">\n\t\t\t\t<p><strong>CAMPO MORFO<\/strong>, que incluye el campo m\u00f3rfico y morfogen\u00e9tico (tambi\u00e9n llamada Cr\u00f3nica Ak\u00e1sica o Memoria Integral)<br \/>Es el campo que nos rodea, en el que se contiene la informaci\u00f3n de todo lo que ha sido y de todo lo que potencialmente se est\u00e1 convirtiendo. Es espacial y atemporal y puede ser usado por todos para recuperar informaci\u00f3n. Explica, por ejemplo, los fen\u00f3menos paranormales.<br \/>M\u00e1s en CH. Jasinski, R. Sheldrake,, G. Calligaris (o resumen, por ejemplo, de W. H\u00e4ge)<\/p>\n\t\t\t\t\t<\/div>\n\t\t\t\t\t\t<\/div>\n\t\t\t\t<\/div>\n\t\t\t\t\t\t<\/div>\n\t\t\t\t\t<\/div>\n\t\t<\/div>\n\t\t\t\t\t\t\t\t<\/div>\n\t\t\t\t\t<\/div>\n\t\t<\/section>\n\t\t\t\t<div class=\"elementor-element elementor-element-7056741 elementor-widget elementor-widget-menu-anchor\" data-id=\"7056741\" data-element_type=\"widget\" data-widget_type=\"menu-anchor.default\">\n\t\t\t\t<div class=\"elementor-widget-container\">\n\t\t\t\t\t<div id=\"consciencia\" class=\"elementor-menu-anchor\"><\/div>\n\t\t\t\t<\/div>\n\t\t\t\t<\/div>\n\t\t\t\t<section class=\"elementor-section elementor-inner-section elementor-element elementor-element-c9596f9 elementor-section-boxed elementor-section-height-default elementor-section-height-default\" data-id=\"c9596f9\" data-element_type=\"section\" data-settings=\"{&quot;_ha_eqh_enable&quot;:false}\">\n\t\t\t\t\t\t<div class=\"elementor-container elementor-column-gap-default\">\n\t\t\t\t\t\t\t<div class=\"elementor-row\">\n\t\t\t\t\t<div class=\"elementor-column elementor-col-100 elementor-inner-column elementor-element elementor-element-beaf7db\" data-id=\"beaf7db\" data-element_type=\"column\">\n\t\t\t<div class=\"elementor-column-wrap elementor-element-populated\">\n\t\t\t\t\t\t\t<div class=\"elementor-widget-wrap\">\n\t\t\t\t\t\t<div class=\"elementor-element elementor-element-737c5c0 elementor-drop-cap-yes elementor-drop-cap-view-default elementor-widget elementor-widget-text-editor\" data-id=\"737c5c0\" data-element_type=\"widget\" data-settings=\"{&quot;drop_cap&quot;:&quot;yes&quot;}\" data-widget_type=\"text-editor.default\">\n\t\t\t\t<div class=\"elementor-widget-container\">\n\t\t\t\t\t\t\t\t<div class=\"elementor-text-editor elementor-clearfix\">\n\t\t\t\t<p><strong>CONCIENCIA<\/strong>, no manifestada &#8211; manifestada \/ individual &#8211; colectiva<\/p><p>M. Plank: La conciencia es fundamental, la materia es un derivado.<br \/>G. Calligaris : La conciencia existe sin cerebro e independiente de la materia<br \/>R. Targ: Los humanos somos una conciencia multilocal, que se manifiesta temporalmente en el espacio-tiempo<br \/>E. Tolle: La conciencia pura es la vida sin forma, es la vida antes de la manifestaci\u00f3n.<br \/>D. Radin: La conciencia es la &#8220;materia&#8221; que mantiene unido al universo.<br \/>T. Campbell, J. Elvidge, A. Risi, G. Rassadin o otros: La conciencia produce informaci\u00f3n, energ\u00eda y materia. (o resumen, por ejemplo, de U. Warnke)<\/p><p>Y muchos dicen algo diferente. <img decoding=\"async\" class=\"alignnone wp-image-2151\" src=\"https:\/\/morphoart-hetten.com\/wp-content\/uploads\/2019\/12\/smiley.jpg\" alt=\"\" width=\"60\" height=\"60\" \/><\/p>\t\t\t\t\t<\/div>\n\t\t\t\t\t\t<\/div>\n\t\t\t\t<\/div>\n\t\t\t\t\t\t<\/div>\n\t\t\t\t\t<\/div>\n\t\t<\/div>\n\t\t\t\t\t\t\t\t<\/div>\n\t\t\t\t\t<\/div>\n\t\t<\/section>\n\t\t\t\t\t\t<\/div>\n\t\t\t\t\t<\/div>\n\t\t<\/div>\n\t\t\t\t<div class=\"elementor-column elementor-col-50 elementor-top-column elementor-element elementor-element-31ad23d\" data-id=\"31ad23d\" data-element_type=\"column\">\n\t\t\t<div class=\"elementor-column-wrap elementor-element-populated\">\n\t\t\t\t\t\t\t<div class=\"elementor-widget-wrap\">\n\t\t\t\t\t\t<div class=\"elementor-element elementor-element-442f2db elementor-widget elementor-widget-image\" data-id=\"442f2db\" data-element_type=\"widget\" data-widget_type=\"image.default\">\n\t\t\t\t<div class=\"elementor-widget-container\">\n\t\t\t\t\t\t\t\t<div class=\"elementor-image\">\n\t\t\t\t\t\t\t\t\t\t\t\t<img decoding=\"async\" width=\"719\" height=\"1024\" src=\"https:\/\/morphoart-hetten.com\/wp-content\/uploads\/2019\/12\/Gr-3-Bild47--719x1024.jpg\" class=\"attachment-large size-large wp-image-1028\" alt=\"\" srcset=\"https:\/\/morphoart-hetten.com\/wp-content\/uploads\/2019\/12\/Gr-3-Bild47--719x1024.jpg 719w, https:\/\/morphoart-hetten.com\/wp-content\/uploads\/2019\/12\/Gr-3-Bild47--211x300.jpg 211w, https:\/\/morphoart-hetten.com\/wp-content\/uploads\/2019\/12\/Gr-3-Bild47--768x1093.jpg 768w, https:\/\/morphoart-hetten.com\/wp-content\/uploads\/2019\/12\/Gr-3-Bild47--1079x1536.jpg 1079w, https:\/\/morphoart-hetten.com\/wp-content\/uploads\/2019\/12\/Gr-3-Bild47--1438x2048.jpg 1438w, https:\/\/morphoart-hetten.com\/wp-content\/uploads\/2019\/12\/Gr-3-Bild47--scaled.jpg 1798w\" sizes=\"(max-width: 719px) 100vw, 719px\" \/>\t\t\t\t\t\t\t\t\t\t\t\t\t\t<\/div>\n\t\t\t\t\t\t<\/div>\n\t\t\t\t<\/div>\n\t\t\t\t\t\t<\/div>\n\t\t\t\t\t<\/div>\n\t\t<\/div>\n\t\t\t\t\t\t\t\t<\/div>\n\t\t\t\t\t<\/div>\n\t\t<\/section>\n\t\t\t\t\t\t\t\t\t<\/div>\n\t\t\t<\/div>\n\t\t\t\t\t<\/div>\n\t\t","protected":false},"excerpt":{"rendered":"<p>anexo CAMPO MORFO, que incluye el campo m\u00f3rfico y morfogen\u00e9tico (tambi\u00e9n llamada Cr\u00f3nica Ak\u00e1sica o Memoria Integral)Es el campo que nos rodea, en el que se contiene la informaci\u00f3n de todo lo que ha sido y de todo lo que &hellip;<\/p>\n<p class=\"read-more\"> <a class=\"\" href=\"https:\/\/morphoart-hetten.com\/es\/anexo\/\"> <span class=\"screen-reader-text\">Anexo<\/span> Leer m\u00e1s \u00bb<\/a><\/p>\n","protected":false},"author":1,"featured_media":0,"parent":0,"menu_order":0,"comment_status":"closed","ping_status":"closed","template":"","meta":{"site-sidebar-layout":"no-sidebar","site-content-layout":"page-builder","ast-global-header-display":"","ast-main-header-display":"","ast-hfb-above-header-display":"","ast-hfb-below-header-display":"","ast-hfb-mobile-header-display":"","site-post-title":"disabled","ast-breadcrumbs-content":"","ast-featured-img":"disabled","footer-sml-layout":"","theme-transparent-header-meta":"disabled","adv-header-id-meta":"","stick-header-meta":"default","header-above-stick-meta":"","header-main-stick-meta":"","header-below-stick-meta":""},"yoast_head":"<!-- This site is optimized with the Yoast SEO plugin v19.14 - https:\/\/yoast.com\/wordpress\/plugins\/seo\/ -->\n<title>Campo morfo - Cr\u00f3nica de Akasha<\/title>\n<meta name=\"description\" content=\"El CAMPO MORFO incluye el campo m\u00f3rfico y morfogen\u00e9tico. (tambi\u00e9n llamado Cr\u00f3nica de Akasha o Memoria Universal) campo morfogen\u00e9tico. (tambi\u00e9n llamada Cr\u00f3nica Ak\u00e1sica o Memoria Integral)\" \/>\n<meta name=\"robots\" content=\"index, follow, max-snippet:-1, max-image-preview:large, max-video-preview:-1\" \/>\n<link rel=\"canonical\" href=\"https:\/\/morphoart-hetten.com\/es\/anexo\/\" \/>\n<meta property=\"og:locale\" content=\"es_ES\" \/>\n<meta property=\"og:type\" content=\"article\" \/>\n<meta property=\"og:title\" content=\"Campo morfo - Cr\u00f3nica de Akasha\" \/>\n<meta property=\"og:description\" content=\"El CAMPO MORFO incluye el campo m\u00f3rfico y morfogen\u00e9tico. (tambi\u00e9n llamado Cr\u00f3nica de Akasha o Memoria Universal) campo morfogen\u00e9tico. (tambi\u00e9n llamada Cr\u00f3nica Ak\u00e1sica o Memoria Integral)\" \/>\n<meta property=\"og:url\" content=\"https:\/\/morphoart-hetten.com\/es\/anexo\/\" \/>\n<meta property=\"og:site_name\" content=\"Hetten von Hohensteins\" \/>\n<meta property=\"article:modified_time\" content=\"2020-11-06T08:32:53+00:00\" \/>\n<meta property=\"og:image\" content=\"https:\/\/morphoart-hetten.com\/wp-content\/uploads\/2019\/12\/smiley.jpg\" \/>\n<meta name=\"twitter:card\" content=\"summary_large_image\" \/>\n<meta name=\"twitter:label1\" content=\"Tiempo de lectura\" \/>\n\t<meta name=\"twitter:data1\" content=\"1 minuto\" \/>\n<script type=\"application\/ld+json\" class=\"yoast-schema-graph\">{\"@context\":\"https:\/\/schema.org\",\"@graph\":[{\"@type\":\"WebPage\",\"@id\":\"https:\/\/morphoart-hetten.com\/es\/anexo\/\",\"url\":\"https:\/\/morphoart-hetten.com\/es\/anexo\/\",\"name\":\"Campo morfo - Cr\u00f3nica de Akasha\",\"isPartOf\":{\"@id\":\"https:\/\/morphoart-hetten.com\/#website\"},\"datePublished\":\"2019-12-02T18:33:50+00:00\",\"dateModified\":\"2020-11-06T08:32:53+00:00\",\"description\":\"El CAMPO MORFO incluye el campo m\u00f3rfico y morfogen\u00e9tico. (tambi\u00e9n llamado Cr\u00f3nica de Akasha o Memoria Universal) campo morfogen\u00e9tico. (tambi\u00e9n llamada Cr\u00f3nica Ak\u00e1sica o Memoria Integral)\",\"breadcrumb\":{\"@id\":\"https:\/\/morphoart-hetten.com\/es\/anexo\/#breadcrumb\"},\"inLanguage\":\"es\",\"potentialAction\":[{\"@type\":\"ReadAction\",\"target\":[\"https:\/\/morphoart-hetten.com\/es\/anexo\/\"]}]},{\"@type\":\"BreadcrumbList\",\"@id\":\"https:\/\/morphoart-hetten.com\/es\/anexo\/#breadcrumb\",\"itemListElement\":[{\"@type\":\"ListItem\",\"position\":1,\"name\":\"Startseite\",\"item\":\"https:\/\/morphoart-hetten.com\/es\/\"},{\"@type\":\"ListItem\",\"position\":2,\"name\":\"Anexo\"}]},{\"@type\":\"WebSite\",\"@id\":\"https:\/\/morphoart-hetten.com\/#website\",\"url\":\"https:\/\/morphoart-hetten.com\/\",\"name\":\"Hetten von Hohensteins\",\"description\":\"handgemalte Kunstbilder kostenlos zum Herunterladen\",\"publisher\":{\"@id\":\"https:\/\/morphoart-hetten.com\/#organization\"},\"potentialAction\":[{\"@type\":\"SearchAction\",\"target\":{\"@type\":\"EntryPoint\",\"urlTemplate\":\"https:\/\/morphoart-hetten.com\/?s={search_term_string}\"},\"query-input\":\"required name=search_term_string\"}],\"inLanguage\":\"es\"},{\"@type\":\"Organization\",\"@id\":\"https:\/\/morphoart-hetten.com\/#organization\",\"name\":\"Morphoart Hetten\",\"url\":\"https:\/\/morphoart-hetten.com\/\",\"logo\":{\"@type\":\"ImageObject\",\"inLanguage\":\"es\",\"@id\":\"https:\/\/morphoart-hetten.com\/#\/schema\/logo\/image\/\",\"url\":\"https:\/\/morphoart-hetten.com\/wp-content\/uploads\/2019\/12\/logo-new-2.png\",\"contentUrl\":\"https:\/\/morphoart-hetten.com\/wp-content\/uploads\/2019\/12\/logo-new-2.png\",\"width\":600,\"height\":826,\"caption\":\"Morphoart Hetten\"},\"image\":{\"@id\":\"https:\/\/morphoart-hetten.com\/#\/schema\/logo\/image\/\"}}]}<\/script>\n<!-- \/ Yoast SEO plugin. -->","yoast_head_json":{"title":"Campo morfo - Cr\u00f3nica de Akasha","description":"El CAMPO MORFO incluye el campo m\u00f3rfico y morfogen\u00e9tico. (tambi\u00e9n llamado Cr\u00f3nica de Akasha o Memoria Universal) campo morfogen\u00e9tico. (tambi\u00e9n llamada Cr\u00f3nica Ak\u00e1sica o Memoria Integral)","robots":{"index":"index","follow":"follow","max-snippet":"max-snippet:-1","max-image-preview":"max-image-preview:large","max-video-preview":"max-video-preview:-1"},"canonical":"https:\/\/morphoart-hetten.com\/es\/anexo\/","og_locale":"es_ES","og_type":"article","og_title":"Campo morfo - Cr\u00f3nica de Akasha","og_description":"El CAMPO MORFO incluye el campo m\u00f3rfico y morfogen\u00e9tico. (tambi\u00e9n llamado Cr\u00f3nica de Akasha o Memoria Universal) campo morfogen\u00e9tico. (tambi\u00e9n llamada Cr\u00f3nica Ak\u00e1sica o Memoria Integral)","og_url":"https:\/\/morphoart-hetten.com\/es\/anexo\/","og_site_name":"Hetten von Hohensteins","article_modified_time":"2020-11-06T08:32:53+00:00","og_image":[{"url":"https:\/\/morphoart-hetten.com\/wp-content\/uploads\/2019\/12\/smiley.jpg"}],"twitter_card":"summary_large_image","twitter_misc":{"Tiempo de lectura":"1 minuto"},"schema":{"@context":"https:\/\/schema.org","@graph":[{"@type":"WebPage","@id":"https:\/\/morphoart-hetten.com\/es\/anexo\/","url":"https:\/\/morphoart-hetten.com\/es\/anexo\/","name":"Campo morfo - Cr\u00f3nica de Akasha","isPartOf":{"@id":"https:\/\/morphoart-hetten.com\/#website"},"datePublished":"2019-12-02T18:33:50+00:00","dateModified":"2020-11-06T08:32:53+00:00","description":"El CAMPO MORFO incluye el campo m\u00f3rfico y morfogen\u00e9tico. (tambi\u00e9n llamado Cr\u00f3nica de Akasha o Memoria Universal) campo morfogen\u00e9tico. (tambi\u00e9n llamada Cr\u00f3nica Ak\u00e1sica o Memoria Integral)","breadcrumb":{"@id":"https:\/\/morphoart-hetten.com\/es\/anexo\/#breadcrumb"},"inLanguage":"es","potentialAction":[{"@type":"ReadAction","target":["https:\/\/morphoart-hetten.com\/es\/anexo\/"]}]},{"@type":"BreadcrumbList","@id":"https:\/\/morphoart-hetten.com\/es\/anexo\/#breadcrumb","itemListElement":[{"@type":"ListItem","position":1,"name":"Startseite","item":"https:\/\/morphoart-hetten.com\/es\/"},{"@type":"ListItem","position":2,"name":"Anexo"}]},{"@type":"WebSite","@id":"https:\/\/morphoart-hetten.com\/#website","url":"https:\/\/morphoart-hetten.com\/","name":"Hetten von Hohensteins","description":"handgemalte Kunstbilder kostenlos zum Herunterladen","publisher":{"@id":"https:\/\/morphoart-hetten.com\/#organization"},"potentialAction":[{"@type":"SearchAction","target":{"@type":"EntryPoint","urlTemplate":"https:\/\/morphoart-hetten.com\/?s={search_term_string}"},"query-input":"required name=search_term_string"}],"inLanguage":"es"},{"@type":"Organization","@id":"https:\/\/morphoart-hetten.com\/#organization","name":"Morphoart Hetten","url":"https:\/\/morphoart-hetten.com\/","logo":{"@type":"ImageObject","inLanguage":"es","@id":"https:\/\/morphoart-hetten.com\/#\/schema\/logo\/image\/","url":"https:\/\/morphoart-hetten.com\/wp-content\/uploads\/2019\/12\/logo-new-2.png","contentUrl":"https:\/\/morphoart-hetten.com\/wp-content\/uploads\/2019\/12\/logo-new-2.png","width":600,"height":826,"caption":"Morphoart Hetten"},"image":{"@id":"https:\/\/morphoart-hetten.com\/#\/schema\/logo\/image\/"}}]}},"_links":{"self":[{"href":"https:\/\/morphoart-hetten.com\/es\/wp-json\/wp\/v2\/pages\/2117"}],"collection":[{"href":"https:\/\/morphoart-hetten.com\/es\/wp-json\/wp\/v2\/pages"}],"about":[{"href":"https:\/\/morphoart-hetten.com\/es\/wp-json\/wp\/v2\/types\/page"}],"author":[{"embeddable":true,"href":"https:\/\/morphoart-hetten.com\/es\/wp-json\/wp\/v2\/users\/1"}],"replies":[{"embeddable":true,"href":"https:\/\/morphoart-hetten.com\/es\/wp-json\/wp\/v2\/comments?post=2117"}],"version-history":[{"count":5,"href":"https:\/\/morphoart-hetten.com\/es\/wp-json\/wp\/v2\/pages\/2117\/revisions"}],"predecessor-version":[{"id":2544,"href":"https:\/\/morphoart-hetten.com\/es\/wp-json\/wp\/v2\/pages\/2117\/revisions\/2544"}],"wp:attachment":[{"href":"https:\/\/morphoart-hetten.com\/es\/wp-json\/wp\/v2\/media?parent=2117"}],"curies":[{"name":"wp","href":"https:\/\/api.w.org\/{rel}","templated":true}]}}